{"id":11886,"date":"2022-05-11T07:56:45","date_gmt":"2022-05-11T04:56:45","guid":{"rendered":"https:\/\/www.ilkemimarlik.com\/contact\/"},"modified":"2023-05-28T15:38:16","modified_gmt":"2023-05-28T12:38:16","slug":"contact-us","status":"publish","type":"page","link":"https:\/\/www.ilkemimarlik.com\/en\/contact-us\/","title":{"rendered":"CONTACT US"},"content":{"rendered":"\t\t<div data-elementor-type=\"wp-page\" data-elementor-id=\"11886\" class=\"elementor elementor-11886 elementor-39\">\n\t\t\t\t        <section class=\"elementor-section elementor-top-section elementor-element elementor-element-a8c03d7 elementor-section-boxed elementor-section-height-default elementor-section-height-default pxl-section-line-left-no pxl-section-line-right-no pxl-section-static-pos-no pxl-section-overflow-hidden-no\" data-id=\"a8c03d7\" data-element_type=\"section\" data-e-type=\"section\" data-settings=\"{&quot;background_background&quot;:&quot;classic&quot;}\">\n\n                \n                <div class=\"elementor-container elementor-column-gap-default \">\n                <div class=\"elementor-column elementor-col-50 elementor-top-column elementor-element elementor-element-8d02964 pxl-column-element-default pxl-column-overflow-hidden-no\" data-id=\"8d02964\" data-element_type=\"column\" data-e-type=\"column\">\r\n        <div class=\"elementor-widget-wrap elementor-element-populated\">\r\n                     \r\n        \t\t<div class=\"elementor-element elementor-element-c9ff469 pxl-wg-bd-anm-no elementor-widget elementor-widget-html\" data-id=\"c9ff469\" data-element_type=\"widget\" data-e-type=\"widget\" data-widget_type=\"html.default\">\n\t\t\t\t<div class=\"elementor-widget-container\">\n\t\t\t\t\t<iframe src=\"https:\/\/www.google.com\/maps\/embed?pb=!1m14!1m8!1m3!1d24093.769378608045!2d28.797012!3d40.987586!3m2!1i1024!2i768!4f13.1!3m3!1m2!1s0x14caa316207d7ae1%3A0x9ac9b33c25091e75!2zxLBsa2UgTWltYXJsxLFr!5e0!3m2!1str!2sus!4v1684829027016!5m2!1str!2sus\" width=\"100%\" height=\"572\" style=\"border:0;\" allowfullscreen=\"\" loading=\"lazy\" referrerpolicy=\"no-referrer-when-downgrade\"><\/iframe>\t\t\t\t<\/div>\n\t\t\t\t<\/div>\n\t\t            <\/div>\r\n        <\/div>\r\n                <div class=\"elementor-column elementor-col-50 elementor-top-column elementor-element elementor-element-8b0b3f3 pxl-column-element-default pxl-column-overflow-hidden-no pxl-border-column-anm\" data-id=\"8b0b3f3\" data-element_type=\"column\" data-e-type=\"column\">\r\n        <div class=\"elementor-widget-wrap elementor-element-populated\">\r\n            <div class=\"pxl-border-animated num-1\">\r\n            <div class=\"pxl-border-anm bt w-100  bw-no bw-mobile_extra-no\" style=\"--bd-width: 0px 0 0 0; border-style: solid; border-color: #E6E6E6;\"><\/div>\r\n            <div class=\"pxl-border-anm br h-100  bw-no bw-mobile_extra-no\" style=\"--bd-width: 0 0px 0 0; border-style: solid; border-color: #E6E6E6;\"><\/div>\r\n            <div class=\"pxl-border-anm bb w-100  bw-no bw-mobile_extra-no\" style=\"--bd-width: 0 0 0px 0; border-style: solid; border-color: #E6E6E6;\"><\/div>\r\n            <div class=\"pxl-border-anm bl h-100  bw-yes bw-mobile_extra-no\" style=\"--bd-width: 0 0 0 1px; border-style: solid; border-color: #E6E6E6;\"><\/div>\r\n            <\/div>         \r\n        \t\t<div class=\"elementor-element elementor-element-c04b248 pxl-contact-info-layout-1 pxl-wg-bd-anm-no elementor-widget elementor-widget-pxl_contact_info\" data-id=\"c04b248\" data-element_type=\"widget\" data-e-type=\"widget\" data-widget_type=\"pxl_contact_info.default\">\n\t\t\t\t<div class=\"elementor-widget-container\">\n\t\t\t\t\t<div class=\"pxl-ci-wrap layout-1 relative  show-popup\">\r\n\t<div class=\"ci-content-wrap\">\r\n\t\t<div class=\"ci-content\">\r\n\t\t\t\t\t\t\t<h4 class=\"ci-title\">EMAIL<\/h4> \r\n\t\t\t\t\t\t\t\t\t\t<div class=\"ci-desc\"><a href=\"mailto:info@ilkemimarlik.com\">info@ilkemimarlik.com<\/a><\/div> \r\n\t\t\t\t\t<\/div>\r\n\t<\/div>\r\n\t<\/div>\t\t\t\t<\/div>\n\t\t\t\t<\/div>\n\t\t\t\t<div class=\"elementor-element elementor-element-324f5af elementor-widget-divider--view-line pxl-wg-bd-anm-no elementor-widget elementor-widget-divider\" data-id=\"324f5af\" data-element_type=\"widget\" data-e-type=\"widget\" data-widget_type=\"divider.default\">\n\t\t\t\t<div class=\"elementor-widget-container\">\n\t\t\t\t\t\t\t<div class=\"elementor-divider\">\n\t\t\t<span class=\"elementor-divider-separator\">\n\t\t\t\t\t\t<\/span>\n\t\t<\/div>\n\t\t\t\t\t\t<\/div>\n\t\t\t\t<\/div>\n\t\t\t\t<div class=\"elementor-element elementor-element-795ded1 pxl-contact-info-layout-1 pxl-wg-bd-anm-no elementor-widget elementor-widget-pxl_contact_info\" data-id=\"795ded1\" data-element_type=\"widget\" data-e-type=\"widget\" data-widget_type=\"pxl_contact_info.default\">\n\t\t\t\t<div class=\"elementor-widget-container\">\n\t\t\t\t\t<div class=\"pxl-ci-wrap layout-1 relative  show-popup\">\r\n\t<div class=\"ci-content-wrap\">\r\n\t\t<div class=\"ci-content\">\r\n\t\t\t\t\t\t\t<h4 class=\"ci-title\">PHONE<\/h4> \r\n\t\t\t\t\t\t\t\t\t\t<div class=\"ci-desc\"><a href=\"tel:+902126990703\">+90 (212) 699 07 03<\/a><\/div> \r\n\t\t\t\t\t<\/div>\r\n\t<\/div>\r\n\t<\/div>\t\t\t\t<\/div>\n\t\t\t\t<\/div>\n\t\t\t\t<div class=\"elementor-element elementor-element-8ee5fd8 elementor-widget-divider--view-line pxl-wg-bd-anm-no elementor-widget elementor-widget-divider\" data-id=\"8ee5fd8\" data-element_type=\"widget\" data-e-type=\"widget\" data-widget_type=\"divider.default\">\n\t\t\t\t<div class=\"elementor-widget-container\">\n\t\t\t\t\t\t\t<div class=\"elementor-divider\">\n\t\t\t<span class=\"elementor-divider-separator\">\n\t\t\t\t\t\t<\/span>\n\t\t<\/div>\n\t\t\t\t\t\t<\/div>\n\t\t\t\t<\/div>\n\t\t\t\t<div class=\"elementor-element elementor-element-0acc09f pxl-contact-info-layout-1 pxl-wg-bd-anm-no elementor-widget elementor-widget-pxl_contact_info\" data-id=\"0acc09f\" data-element_type=\"widget\" data-e-type=\"widget\" data-widget_type=\"pxl_contact_info.default\">\n\t\t\t\t<div class=\"elementor-widget-container\">\n\t\t\t\t\t<div class=\"pxl-ci-wrap layout-1 relative  show-popup\">\r\n\t<div class=\"ci-content-wrap\">\r\n\t\t<div class=\"ci-content\">\r\n\t\t\t\t\t\t\t<h4 class=\"ci-title\">ADDRESS<\/h4> \r\n\t\t\t\t\t\t\t\t\t\t<div class=\"ci-desc\">\u015eenlikk\u00f6y Mahallesi Eski Halkal\u0131 Caddesi No:3 Zemin Kat No 10 Bak\u0131rk\u00f6y \/ \u0130stanbul<\/div> \r\n\t\t\t\t\t<\/div>\r\n\t<\/div>\r\n\t<\/div>\t\t\t\t<\/div>\n\t\t\t\t<\/div>\n\t\t\t\t<div class=\"elementor-element elementor-element-75c723e elementor-widget-divider--view-line pxl-wg-bd-anm-no elementor-widget elementor-widget-divider\" data-id=\"75c723e\" data-element_type=\"widget\" data-e-type=\"widget\" data-widget_type=\"divider.default\">\n\t\t\t\t<div class=\"elementor-widget-container\">\n\t\t\t\t\t\t\t<div class=\"elementor-divider\">\n\t\t\t<span class=\"elementor-divider-separator\">\n\t\t\t\t\t\t<\/span>\n\t\t<\/div>\n\t\t\t\t\t\t<\/div>\n\t\t\t\t<\/div>\n\t\t\t\t<div class=\"elementor-element elementor-element-3648669 pxl-contact-info-layout-1 pxl-wg-bd-anm-no elementor-widget elementor-widget-pxl_contact_info\" data-id=\"3648669\" data-element_type=\"widget\" data-e-type=\"widget\" data-widget_type=\"pxl_contact_info.default\">\n\t\t\t\t<div class=\"elementor-widget-container\">\n\t\t\t\t\t<div class=\"pxl-ci-wrap layout-1 relative cursor-map-target show-popup\">\r\n\t<div class=\"ci-content-wrap\">\r\n\t\t<div class=\"ci-content\">\r\n\t\t\t\t\t\t\t<h4 class=\"ci-title\">CONTACT<\/h4> \r\n\t\t\t\t\t\t\t\t\t\t<div class=\"ci-desc\">For all kinds of information and requests, you can send us a message from the contact form.<\/div> \r\n\t\t\t\t\t<\/div>\r\n\t<\/div>\r\n\t\t<div class=\"pxl-map-wrap\">\r\n        <div class=\"pxl-map-content overflow-hidden\">\r\n        \t        \t\t<iframe src=\"https:\/\/www.google.com\/maps\/embed?pb=!1m14!1m8!1m3!1d1505.8605633262084!2d28.797012!3d40.987587!3m2!1i1024!2i768!4f13.1!3m3!1m2!1s0x14caa316207d7ae1%3A0x9ac9b33c25091e75!2zxLBsa2UgTWltYXJsxLFr!5e0!3m2!1str!2sus!4v1683793445764!5m2!1str!2sus\" width=\"100%\" height=\"100%\" style=\"border:0;\" allowfullscreen=\"\" loading=\"lazy\" referrerpolicy=\"no-referrer-when-downgrade\"><\/iframe>    \t\t        <\/div>\r\n    <\/div>\r\n    <\/div>\t\t\t\t<\/div>\n\t\t\t\t<\/div>\n\t\t            <\/div>\r\n        <\/div>\r\n        \t\t\t<\/div>\n\t\t<\/section>\n\t\t        <section class=\"elementor-section elementor-top-section elementor-element elementor-element-505e470 elementor-section-boxed elementor-section-height-default elementor-section-height-default pxl-section-line-left-no pxl-section-line-right-no pxl-section-static-pos-no pxl-section-overflow-hidden-no\" data-id=\"505e470\" data-element_type=\"section\" data-e-type=\"section\">\n\n                \n                <div class=\"elementor-container elementor-column-gap-default \">\n                <div class=\"elementor-column elementor-col-100 elementor-top-column elementor-element elementor-element-06d9f61 pxl-column-element-default pxl-column-overflow-hidden-no\" data-id=\"06d9f61\" data-element_type=\"column\" data-e-type=\"column\">\r\n        <div class=\"elementor-widget-wrap elementor-element-populated\">\r\n                     \r\n        \t\t<div class=\"elementor-element elementor-element-4350cab pxl-wg-bd-anm-no elementor-widget elementor-widget-pxl_heading\" data-id=\"4350cab\" data-element_type=\"widget\" data-e-type=\"widget\" data-widget_type=\"pxl_heading.default\">\n\t\t\t\t<div class=\"elementor-widget-container\">\n\t\t\t\t\t<div class=\"pxl-heading-wrap d-flex\">\n    <div class=\"pxl-heading-inner  \">\n                <h3 class=\"heading-title\">\n            CONTACT FORM        <\/h3>\n            <\/div>\n<\/div>\n\n\t\t\t\t<\/div>\n\t\t\t\t<\/div>\n\t\t\t\t<div class=\"elementor-element elementor-element-3c37a54 pxl-wg-bd-anm-no elementor-widget elementor-widget-pxl_contact_form\" data-id=\"3c37a54\" data-element_type=\"widget\" data-e-type=\"widget\" data-widget_type=\"pxl_contact_form.default\">\n\t\t\t\t<div class=\"elementor-widget-container\">\n\t\t\t\t\t<div class=\"pxl-cf7-wrap relative \">\r\n    \n<div class=\"wpcf7 no-js\" id=\"wpcf7-f14158-o1\" lang=\"en-US\" dir=\"ltr\" data-wpcf7-id=\"14158\">\n<div class=\"screen-reader-response\"><p role=\"status\" aria-live=\"polite\" aria-atomic=\"true\"><\/p> <ul><\/ul><\/div>\n<form action=\"\/en\/wp-json\/wp\/v2\/pages\/11886#wpcf7-f14158-o1\" method=\"post\" class=\"wpcf7-form init\" aria-label=\"Contact form\" novalidate=\"novalidate\" data-status=\"init\">\n<fieldset class=\"hidden-fields-container\"><input type=\"hidden\" name=\"_wpcf7\" value=\"14158\" \/><input type=\"hidden\" name=\"_wpcf7_version\" value=\"6.1.5\" \/><input type=\"hidden\" name=\"_wpcf7_locale\" value=\"en_US\" \/><input type=\"hidden\" name=\"_wpcf7_unit_tag\" value=\"wpcf7-f14158-o1\" \/><input type=\"hidden\" name=\"_wpcf7_container_post\" value=\"0\" \/><input type=\"hidden\" name=\"_wpcf7_posted_data_hash\" value=\"\" \/>\n<\/fieldset>\n<div class=\"contact-form-main\">\n\t<div class=\"row\">\n\t\t<div class=\"col-12 col-md-4\">\n\t\t\t<div class=\"control-item\">\n\t\t\t\t<p><span class=\"wpcf7-form-control-wrap\" data-name=\"your-name\"><input size=\"40\" maxlength=\"400\" class=\"wpcf7-form-control wpcf7-text wpcf7-validates-as-required\" aria-required=\"true\" aria-invalid=\"false\" placeholder=\"Name\" value=\"\" type=\"text\" name=\"your-name\" \/><\/span>\n\t\t\t\t<\/p>\n\t\t\t<\/div>\n\t\t<\/div>\n\t\t<div class=\"col-12 col-md-4\">\n\t\t\t<div class=\"control-item\">\n\t\t\t\t<p><span class=\"wpcf7-form-control-wrap\" data-name=\"your-email\"><input size=\"40\" maxlength=\"400\" class=\"wpcf7-form-control wpcf7-email wpcf7-validates-as-required wpcf7-text wpcf7-validates-as-email\" aria-required=\"true\" aria-invalid=\"false\" placeholder=\"Email\" value=\"\" type=\"email\" name=\"your-email\" \/><\/span>\n\t\t\t\t<\/p>\n\t\t\t<\/div>\n\t\t<\/div>\n\t\t<div class=\"col-12 col-md-4\">\n\t\t\t<div class=\"control-item\">\n\t\t\t\t<p><span class=\"wpcf7-form-control-wrap\" data-name=\"tel-205\"><input size=\"40\" maxlength=\"400\" class=\"wpcf7-form-control wpcf7-tel wpcf7-text wpcf7-validates-as-tel\" aria-invalid=\"false\" placeholder=\"Phone\" value=\"\" type=\"tel\" name=\"tel-205\" \/><\/span>\n\t\t\t\t<\/p>\n\t\t\t<\/div>\n\t\t<\/div>\n\t<\/div>\n\t<div class=\"control-item\">\n\t\t<p><span class=\"wpcf7-form-control-wrap\" data-name=\"your-message\"><textarea cols=\"40\" rows=\"10\" maxlength=\"2000\" class=\"wpcf7-form-control wpcf7-textarea wpcf7-validates-as-required\" aria-required=\"true\" aria-invalid=\"false\" placeholder=\"Your Message...\" name=\"your-message\"><\/textarea><\/span>\n\t\t<\/p>\n\t<\/div>\n\t<div class=\"btn-form\">\n\t\t<p><button class=\"pxl-btn outline-under draw\" type=\"submit\"><span class=\"draw-top-right\"><\/span><span class=\"draw-bottom-left\"><\/span><span class=\"btn-text pxl-button-text\">Submit<\/span><span class=\"pxl-btn-icon pxli-spinner\"><\/span><\/button>\n\t\t<\/p>\n\t<\/div>\n<\/div>\n<p><div id=\"cf7sr-69e8cfce5c548\" class=\"cf7sr-g-recaptcha\" data-theme=\"light\" data-type=\"image\" data-size=\"normal\" data-sitekey=\"6Lcmb_8lAAAAALuJwc5lKgyPVpn55dafHUEmWnMl\"><\/div><span class=\"wpcf7-form-control-wrap cf7sr-recaptcha\" data-name=\"cf7sr-recaptcha\"><input type=\"hidden\" name=\"cf7sr-recaptcha\" value=\"\" class=\"wpcf7-form-control\"><\/span>\n<\/p><div class=\"wpcf7-response-output\" aria-hidden=\"true\"><\/div>\n<\/form>\n<\/div>\n \r\n<\/div>\t\t\t\t<\/div>\n\t\t\t\t<\/div>\n\t\t            <\/div>\r\n        <\/div>\r\n        \t\t\t<\/div>\n\t\t<\/section>\n\t\t\t\t<\/div>\n\t\t","protected":false},"excerpt":{"rendered":"<p>EMAIL info@ilkemimarlik.com PHONE +90 (212) 699 07 03 ADDRESS \u015eenlikk\u00f6y Mahallesi Eski Halkal\u0131 Caddesi No:3 Zemin Kat No 10 Bak\u0131rk\u00f6y \/ \u0130stanbul CONTACT For all kinds of information and requests, you can send us a message from the contact form. CONTACT FORM Submit<\/p>\n","protected":false},"author":1,"featured_media":0,"parent":0,"menu_order":0,"comment_status":"closed","ping_status":"closed","template":"","meta":{"footnotes":""},"class_list":["post-11886","page","type-page","status-publish","hentry"],"_links":{"self":[{"href":"https:\/\/www.ilkemimarlik.com\/en\/wp-json\/wp\/v2\/pages\/11886","targetHints":{"allow":["GET"]}}],"collection":[{"href":"https:\/\/www.ilkemimarlik.com\/en\/wp-json\/wp\/v2\/pages"}],"about":[{"href":"https:\/\/www.ilkemimarlik.com\/en\/wp-json\/wp\/v2\/types\/page"}],"author":[{"embeddable":true,"href":"https:\/\/www.ilkemimarlik.com\/en\/wp-json\/wp\/v2\/users\/1"}],"replies":[{"embeddable":true,"href":"https:\/\/www.ilkemimarlik.com\/en\/wp-json\/wp\/v2\/comments?post=11886"}],"version-history":[{"count":0,"href":"https:\/\/www.ilkemimarlik.com\/en\/wp-json\/wp\/v2\/pages\/11886\/revisions"}],"wp:attachment":[{"href":"https:\/\/www.ilkemimarlik.com\/en\/wp-json\/wp\/v2\/media?parent=11886"}],"curies":[{"name":"wp","href":"https:\/\/api.w.org\/{rel}","templated":true}]}}