{"id":13934,"date":"2023-05-23T13:44:37","date_gmt":"2023-05-23T10:44:37","guid":{"rendered":"https:\/\/www.ilkemimarlik.com\/projects\/educational-structures\/"},"modified":"2023-05-26T21:04:13","modified_gmt":"2023-05-26T18:04:13","slug":"educational-structures","status":"publish","type":"page","link":"https:\/\/www.ilkemimarlik.com\/en\/projects\/educational-structures\/","title":{"rendered":"EDUCATIONAL STRUCTURES"},"content":{"rendered":"\t\t<div data-elementor-type=\"wp-page\" data-elementor-id=\"13934\" class=\"elementor elementor-13934 elementor-13630\">\n\t\t\t\t        <section class=\"elementor-section elementor-top-section elementor-element elementor-element-a3e60be elementor-section-boxed elementor-section-height-default elementor-section-height-default pxl-section-line-left-no pxl-section-line-right-no pxl-section-static-pos-no pxl-section-overflow-hidden-no\" data-id=\"a3e60be\" data-element_type=\"section\" data-e-type=\"section\">\n\n                \n                <div class=\"elementor-container elementor-column-gap-default \">\n                <div class=\"elementor-column elementor-col-100 elementor-top-column elementor-element elementor-element-f02509e pxl-column-element-default pxl-column-overflow-hidden-no\" data-id=\"f02509e\" data-element_type=\"column\" data-e-type=\"column\">\r\n        <div class=\"elementor-widget-wrap elementor-element-populated\">\r\n                     \r\n        \t\t<div class=\"elementor-element elementor-element-7254d79 pxl-wg-bd-anm-no elementor-widget elementor-widget-pxl_post_list\" data-id=\"7254d79\" data-element_type=\"widget\" data-e-type=\"widget\" data-widget_type=\"pxl_post_list.default\">\n\t\t\t\t<div class=\"elementor-widget-container\">\n\t\t\t\t\t\r\n<div id=\"pxl_post_list-7254d79-5948\" class=\"pxl-grid pxl-post-list layout-portfolio-list-1\" data-layout-mode=\"fitRows\" data-start-page=\"1\" data-max-pages=\"1\" data-total=\"4\" data-perpage=\"100\" data-next-link=\"\" data-scroll-items=\"0\">\r\n    <div class=\"pxl-grid-overlay\"><\/div>\r\n    \r\n    <div class=\"pxl-grid-inner pxl-grid-masonry row relative\"> \r\n                <div class=\"grid-item col-xxl-12 col-xl-12 col-lg-12 col-md-12 col-sm-12 col-12  item-idx-odd\" >\r\n            <div class=\"grid-item-inner item-inner-wrap row align-items-center  gx-xl-70  pxl-animate pxl-invisible animated-normal\" data-settings=\"{&quot;animation&quot;:&quot;fadeInRight&quot;,&quot;animation_delay&quot;:150}\">\r\n                                    <div class=\"item-featured col-12 col-lg-7 col-xl-7\">\r\n                        <div class=\"post-image scale-hover\">\r\n                            <a href=\"https:\/\/www.ilkemimarlik.com\/en\/project\/bil-koleji\/\">\r\n                                <img fetchpriority=\"high\" decoding=\"async\" class=\"img-desktop no-lazyload \" src=\"https:\/\/www.ilkemimarlik.com\/wp-content\/uploads\/2023\/05\/bil-koleji-003-670x450.jpg\" width=\"670\" height=\"450\" alt=\"bil-koleji-003\" title=\"bil-koleji-003\" \/>       \r\n                            <\/a>\r\n                        <\/div>\r\n                    <\/div>\r\n                                    <div class=\"item-content col-12 col-lg-5 col-xl-5\">\r\n                    <h3 class=\"item-title\"><a href=\"https:\/\/www.ilkemimarlik.com\/en\/project\/bil-koleji\/\">B\u0130L KOLEJ\u0130<\/a><\/h3>\r\n                                                                <div class=\"item-readmore\">\r\n                            <a href=\"https:\/\/www.ilkemimarlik.com\/en\/project\/bil-koleji\/\" class=\"pxl-btn outline-under draw\">\r\n                                <span class=\"draw-top-right\"><\/span>\r\n                                <span class=\"draw-bottom-left\"><\/span>\r\n                                <span class=\"pxl-button-text\">PROJECT DETAILS<\/span>\r\n                            <\/a>\r\n                        <\/div>\r\n                                    <\/div>\r\n            <\/div>\r\n        <\/div>\r\n                <div class=\"grid-item col-xxl-12 col-xl-12 col-lg-12 col-md-12 col-sm-12 col-12  item-idx-even\" >\r\n            <div class=\"grid-item-inner item-inner-wrap row align-items-center  gx-xl-70  pxl-animate pxl-invisible animated-normal\" data-settings=\"{&quot;animation&quot;:&quot;fadeInLeft&quot;,&quot;animation_delay&quot;:150}\">\r\n                                    <div class=\"item-featured col-12 col-lg-7 col-xl-7\">\r\n                        <div class=\"post-image scale-hover\">\r\n                            <a href=\"https:\/\/www.ilkemimarlik.com\/en\/project\/pasa-karadeniz-okul-esenyurt\/\">\r\n                                <img decoding=\"async\" class=\"img-desktop no-lazyload \" src=\"https:\/\/www.ilkemimarlik.com\/wp-content\/uploads\/2023\/05\/pasa-karadeniz-okul-esenyurt-001-670x450.jpg\" width=\"670\" height=\"450\" alt=\"pasa-karadeniz-okul-esenyurt-001\" title=\"pasa-karadeniz-okul-esenyurt-001\" \/>       \r\n                            <\/a>\r\n                        <\/div>\r\n                    <\/div>\r\n                                    <div class=\"item-content col-12 col-lg-5 col-xl-5\">\r\n                    <h3 class=\"item-title\"><a href=\"https:\/\/www.ilkemimarlik.com\/en\/project\/pasa-karadeniz-okul-esenyurt\/\">PA\u015eA KARADEN\u0130Z OKUL ESENYURT<\/a><\/h3>\r\n                                                                <div class=\"item-readmore\">\r\n                            <a href=\"https:\/\/www.ilkemimarlik.com\/en\/project\/pasa-karadeniz-okul-esenyurt\/\" class=\"pxl-btn outline-under draw\">\r\n                                <span class=\"draw-top-right\"><\/span>\r\n                                <span class=\"draw-bottom-left\"><\/span>\r\n                                <span class=\"pxl-button-text\">PROJECT DETAILS<\/span>\r\n                            <\/a>\r\n                        <\/div>\r\n                                    <\/div>\r\n            <\/div>\r\n        <\/div>\r\n                <div class=\"grid-item col-xxl-12 col-xl-12 col-lg-12 col-md-12 col-sm-12 col-12  item-idx-odd\" >\r\n            <div class=\"grid-item-inner item-inner-wrap row align-items-center  gx-xl-70  pxl-animate pxl-invisible animated-normal\" data-settings=\"{&quot;animation&quot;:&quot;fadeInRight&quot;,&quot;animation_delay&quot;:150}\">\r\n                                    <div class=\"item-featured col-12 col-lg-7 col-xl-7\">\r\n                        <div class=\"post-image scale-hover\">\r\n                            <a href=\"https:\/\/www.ilkemimarlik.com\/en\/project\/san-der-meslek-lisesi\/\">\r\n                                <img decoding=\"async\" class=\"img-desktop no-lazyload \" src=\"https:\/\/www.ilkemimarlik.com\/wp-content\/uploads\/2023\/05\/sander-meslek-lisesi-001-670x450.jpg\" width=\"670\" height=\"450\" alt=\"sander-meslek-lisesi-001\" title=\"sander-meslek-lisesi-001\" \/>       \r\n                            <\/a>\r\n                        <\/div>\r\n                    <\/div>\r\n                                    <div class=\"item-content col-12 col-lg-5 col-xl-5\">\r\n                    <h3 class=\"item-title\"><a href=\"https:\/\/www.ilkemimarlik.com\/en\/project\/san-der-meslek-lisesi\/\">SAN-DER MESLEK L\u0130SES\u0130<\/a><\/h3>\r\n                                                                <div class=\"item-readmore\">\r\n                            <a href=\"https:\/\/www.ilkemimarlik.com\/en\/project\/san-der-meslek-lisesi\/\" class=\"pxl-btn outline-under draw\">\r\n                                <span class=\"draw-top-right\"><\/span>\r\n                                <span class=\"draw-bottom-left\"><\/span>\r\n                                <span class=\"pxl-button-text\">PROJECT DETAILS<\/span>\r\n                            <\/a>\r\n                        <\/div>\r\n                                    <\/div>\r\n            <\/div>\r\n        <\/div>\r\n                <div class=\"grid-item col-xxl-12 col-xl-12 col-lg-12 col-md-12 col-sm-12 col-12  item-idx-even\" >\r\n            <div class=\"grid-item-inner item-inner-wrap row align-items-center  gx-xl-70  pxl-animate pxl-invisible animated-normal\" data-settings=\"{&quot;animation&quot;:&quot;fadeInLeft&quot;,&quot;animation_delay&quot;:150}\">\r\n                                    <div class=\"item-featured col-12 col-lg-7 col-xl-7\">\r\n                        <div class=\"post-image scale-hover\">\r\n                            <a href=\"https:\/\/www.ilkemimarlik.com\/en\/project\/sultan-fatih-koleji\/\">\r\n                                <img loading=\"lazy\" decoding=\"async\" class=\"img-desktop no-lazyload \" src=\"https:\/\/www.ilkemimarlik.com\/wp-content\/uploads\/2023\/05\/sultan-fatih-koleji-001-670x450.jpg\" width=\"670\" height=\"450\" alt=\"sultan-fatih-koleji-001\" title=\"sultan-fatih-koleji-001\" \/>       \r\n                            <\/a>\r\n                        <\/div>\r\n                    <\/div>\r\n                                    <div class=\"item-content col-12 col-lg-5 col-xl-5\">\r\n                    <h3 class=\"item-title\"><a href=\"https:\/\/www.ilkemimarlik.com\/en\/project\/sultan-fatih-koleji\/\">SULTAN FAT\u0130H KOLEJ\u0130<\/a><\/h3>\r\n                                                                <div class=\"item-readmore\">\r\n                            <a href=\"https:\/\/www.ilkemimarlik.com\/en\/project\/sultan-fatih-koleji\/\" class=\"pxl-btn outline-under draw\">\r\n                                <span class=\"draw-top-right\"><\/span>\r\n                                <span class=\"draw-bottom-left\"><\/span>\r\n                                <span class=\"pxl-button-text\">PROJECT DETAILS<\/span>\r\n                            <\/a>\r\n                        <\/div>\r\n                                    <\/div>\r\n            <\/div>\r\n        <\/div>\r\n            <\/div>\r\n    \r\n\r\n            \r\n<\/div>\t\t\t\t<\/div>\n\t\t\t\t<\/div>\n\t\t            <\/div>\r\n        <\/div>\r\n        \t\t\t<\/div>\n\t\t<\/section>\n\t\t\t\t<\/div>\n\t\t","protected":false},"excerpt":{"rendered":"<p>B\u0130L KOLEJ\u0130 PROJECT DETAILS PA\u015eA KARADEN\u0130Z OKUL ESENYURT PROJECT DETAILS SAN-DER MESLEK L\u0130SES\u0130 PROJECT DETAILS SULTAN FAT\u0130H KOLEJ\u0130 PROJECT DETAILS<\/p>\n","protected":false},"author":1,"featured_media":0,"parent":13928,"menu_order":0,"comment_status":"closed","ping_status":"closed","template":"","meta":{"footnotes":""},"class_list":["post-13934","page","type-page","status-publish","hentry"],"_links":{"self":[{"href":"https:\/\/www.ilkemimarlik.com\/en\/wp-json\/wp\/v2\/pages\/13934","targetHints":{"allow":["GET"]}}],"collection":[{"href":"https:\/\/www.ilkemimarlik.com\/en\/wp-json\/wp\/v2\/pages"}],"about":[{"href":"https:\/\/www.ilkemimarlik.com\/en\/wp-json\/wp\/v2\/types\/page"}],"author":[{"embeddable":true,"href":"https:\/\/www.ilkemimarlik.com\/en\/wp-json\/wp\/v2\/users\/1"}],"replies":[{"embeddable":true,"href":"https:\/\/www.ilkemimarlik.com\/en\/wp-json\/wp\/v2\/comments?post=13934"}],"version-history":[{"count":0,"href":"https:\/\/www.ilkemimarlik.com\/en\/wp-json\/wp\/v2\/pages\/13934\/revisions"}],"up":[{"embeddable":true,"href":"https:\/\/www.ilkemimarlik.com\/en\/wp-json\/wp\/v2\/pages\/13928"}],"wp:attachment":[{"href":"https:\/\/www.ilkemimarlik.com\/en\/wp-json\/wp\/v2\/media?parent=13934"}],"curies":[{"name":"wp","href":"https:\/\/api.w.org\/{rel}","templated":true}]}}