{"id":13938,"date":"2023-05-23T13:44:21","date_gmt":"2023-05-23T10:44:21","guid":{"rendered":"https:\/\/www.ilkemimarlik.com\/projects\/public-projects\/"},"modified":"2023-05-26T21:04:39","modified_gmt":"2023-05-26T18:04:39","slug":"public-projects","status":"publish","type":"page","link":"https:\/\/www.ilkemimarlik.com\/en\/projects\/public-projects\/","title":{"rendered":"PUBLIC PROJECTS"},"content":{"rendered":"\t\t<div data-elementor-type=\"wp-page\" data-elementor-id=\"13938\" class=\"elementor elementor-13938 elementor-13628\">\n\t\t\t\t        <section class=\"elementor-section elementor-top-section elementor-element elementor-element-a3e60be elementor-section-boxed elementor-section-height-default elementor-section-height-default pxl-section-line-left-no pxl-section-line-right-no pxl-section-static-pos-no pxl-section-overflow-hidden-no\" data-id=\"a3e60be\" data-element_type=\"section\" data-e-type=\"section\">\n\n                \n                <div class=\"elementor-container elementor-column-gap-default \">\n                <div class=\"elementor-column elementor-col-100 elementor-top-column elementor-element elementor-element-f02509e pxl-column-element-default pxl-column-overflow-hidden-no\" data-id=\"f02509e\" data-element_type=\"column\" data-e-type=\"column\">\r\n        <div class=\"elementor-widget-wrap elementor-element-populated\">\r\n                     \r\n        \t\t<div class=\"elementor-element elementor-element-7254d79 pxl-wg-bd-anm-no elementor-widget elementor-widget-pxl_post_list\" data-id=\"7254d79\" data-element_type=\"widget\" data-e-type=\"widget\" data-widget_type=\"pxl_post_list.default\">\n\t\t\t\t<div class=\"elementor-widget-container\">\n\t\t\t\t\t\r\n<div id=\"pxl_post_list-7254d79-6089\" class=\"pxl-grid pxl-post-list layout-portfolio-list-1\" data-layout-mode=\"fitRows\" data-start-page=\"1\" data-max-pages=\"1\" data-total=\"10\" data-perpage=\"100\" data-next-link=\"\" data-scroll-items=\"0\">\r\n    <div class=\"pxl-grid-overlay\"><\/div>\r\n    \r\n    <div class=\"pxl-grid-inner pxl-grid-masonry row relative\"> \r\n                <div class=\"grid-item col-xxl-12 col-xl-12 col-lg-12 col-md-12 col-sm-12 col-12  item-idx-odd\" >\r\n            <div class=\"grid-item-inner item-inner-wrap row align-items-center  gx-xl-70  pxl-animate pxl-invisible animated-normal\" data-settings=\"{&quot;animation&quot;:&quot;fadeInRight&quot;,&quot;animation_delay&quot;:150}\">\r\n                                    <div class=\"item-featured col-12 col-lg-7 col-xl-7\">\r\n                        <div class=\"post-image scale-hover\">\r\n                            <a href=\"https:\/\/www.ilkemimarlik.com\/en\/project\/kultur-merkezi-esenyurt\/\">\r\n                                <img fetchpriority=\"high\" decoding=\"async\" class=\"img-desktop no-lazyload \" src=\"https:\/\/www.ilkemimarlik.com\/wp-content\/uploads\/2023\/05\/kultur-merkezi-esenyurt-001-670x450.jpg\" width=\"670\" height=\"450\" alt=\"kultur-merkezi-esenyurt-001\" title=\"kultur-merkezi-esenyurt-001\" \/>       \r\n                            <\/a>\r\n                        <\/div>\r\n                    <\/div>\r\n                                    <div class=\"item-content col-12 col-lg-5 col-xl-5\">\r\n                    <h3 class=\"item-title\"><a href=\"https:\/\/www.ilkemimarlik.com\/en\/project\/kultur-merkezi-esenyurt\/\">K\u00dcLT\u00dcR MERKEZ\u0130 ESENYURT<\/a><\/h3>\r\n                                                                <div class=\"item-readmore\">\r\n                            <a href=\"https:\/\/www.ilkemimarlik.com\/en\/project\/kultur-merkezi-esenyurt\/\" class=\"pxl-btn outline-under draw\">\r\n                                <span class=\"draw-top-right\"><\/span>\r\n                                <span class=\"draw-bottom-left\"><\/span>\r\n                                <span class=\"pxl-button-text\">PROJECT DETAILS<\/span>\r\n                            <\/a>\r\n                        <\/div>\r\n                                    <\/div>\r\n            <\/div>\r\n        <\/div>\r\n                <div class=\"grid-item col-xxl-12 col-xl-12 col-lg-12 col-md-12 col-sm-12 col-12  item-idx-even\" >\r\n            <div class=\"grid-item-inner item-inner-wrap row align-items-center  gx-xl-70  pxl-animate pxl-invisible animated-normal\" data-settings=\"{&quot;animation&quot;:&quot;fadeInLeft&quot;,&quot;animation_delay&quot;:150}\">\r\n                                    <div class=\"item-featured col-12 col-lg-7 col-xl-7\">\r\n                        <div class=\"post-image scale-hover\">\r\n                            <a href=\"https:\/\/www.ilkemimarlik.com\/en\/project\/esenyurt-kadin-konuk-evi\/\">\r\n                                <img decoding=\"async\" class=\"img-desktop no-lazyload \" src=\"https:\/\/www.ilkemimarlik.com\/wp-content\/uploads\/2023\/05\/sosyal-tesis-binasi-001-670x450.jpg\" width=\"670\" height=\"450\" alt=\"sosyal-tesis-binasi-001\" title=\"sosyal-tesis-binasi-001\" \/>       \r\n                            <\/a>\r\n                        <\/div>\r\n                    <\/div>\r\n                                    <div class=\"item-content col-12 col-lg-5 col-xl-5\">\r\n                    <h3 class=\"item-title\"><a href=\"https:\/\/www.ilkemimarlik.com\/en\/project\/esenyurt-kadin-konuk-evi\/\">ESENYURT KADIN KONUK EV\u0130<\/a><\/h3>\r\n                                                                <div class=\"item-readmore\">\r\n                            <a href=\"https:\/\/www.ilkemimarlik.com\/en\/project\/esenyurt-kadin-konuk-evi\/\" class=\"pxl-btn outline-under draw\">\r\n                                <span class=\"draw-top-right\"><\/span>\r\n                                <span class=\"draw-bottom-left\"><\/span>\r\n                                <span class=\"pxl-button-text\">PROJECT DETAILS<\/span>\r\n                            <\/a>\r\n                        <\/div>\r\n                                    <\/div>\r\n            <\/div>\r\n        <\/div>\r\n                <div class=\"grid-item col-xxl-12 col-xl-12 col-lg-12 col-md-12 col-sm-12 col-12  item-idx-odd\" >\r\n            <div class=\"grid-item-inner item-inner-wrap row align-items-center  gx-xl-70  pxl-animate pxl-invisible animated-normal\" data-settings=\"{&quot;animation&quot;:&quot;fadeInRight&quot;,&quot;animation_delay&quot;:150}\">\r\n                                    <div class=\"item-featured col-12 col-lg-7 col-xl-7\">\r\n                        <div class=\"post-image scale-hover\">\r\n                            <a href=\"https:\/\/www.ilkemimarlik.com\/en\/project\/tarihi-cesme-kutuphanesi\/\">\r\n                                <img decoding=\"async\" class=\"img-desktop no-lazyload \" src=\"https:\/\/www.ilkemimarlik.com\/wp-content\/uploads\/2023\/05\/tarihi-cesme-kutuphanesi-001-670x450.jpg\" width=\"670\" height=\"450\" alt=\"tarihi-cesme-kutuphanesi-001\" title=\"tarihi-cesme-kutuphanesi-001\" \/>       \r\n                            <\/a>\r\n                        <\/div>\r\n                    <\/div>\r\n                                    <div class=\"item-content col-12 col-lg-5 col-xl-5\">\r\n                    <h3 class=\"item-title\"><a href=\"https:\/\/www.ilkemimarlik.com\/en\/project\/tarihi-cesme-kutuphanesi\/\">TAR\u0130H\u0130 \u00c7E\u015eME K\u00dcT\u00dcPHANES\u0130<\/a><\/h3>\r\n                                                                <div class=\"item-readmore\">\r\n                            <a href=\"https:\/\/www.ilkemimarlik.com\/en\/project\/tarihi-cesme-kutuphanesi\/\" class=\"pxl-btn outline-under draw\">\r\n                                <span class=\"draw-top-right\"><\/span>\r\n                                <span class=\"draw-bottom-left\"><\/span>\r\n                                <span class=\"pxl-button-text\">PROJECT DETAILS<\/span>\r\n                            <\/a>\r\n                        <\/div>\r\n                                    <\/div>\r\n            <\/div>\r\n        <\/div>\r\n                <div class=\"grid-item col-xxl-12 col-xl-12 col-lg-12 col-md-12 col-sm-12 col-12  item-idx-even\" >\r\n            <div class=\"grid-item-inner item-inner-wrap row align-items-center  gx-xl-70  pxl-animate pxl-invisible animated-normal\" data-settings=\"{&quot;animation&quot;:&quot;fadeInLeft&quot;,&quot;animation_delay&quot;:150}\">\r\n                                    <div class=\"item-featured col-12 col-lg-7 col-xl-7\">\r\n                        <div class=\"post-image scale-hover\">\r\n                            <a href=\"https:\/\/www.ilkemimarlik.com\/en\/project\/gungoren-genclik-merkezi\/\">\r\n                                <img loading=\"lazy\" decoding=\"async\" class=\"img-desktop no-lazyload \" src=\"https:\/\/www.ilkemimarlik.com\/wp-content\/uploads\/2023\/05\/gungoren-genclik-merkezi-001-670x450.jpg\" width=\"670\" height=\"450\" alt=\"gungoren-genclik-merkezi-001\" title=\"gungoren-genclik-merkezi-001\" \/>       \r\n                            <\/a>\r\n                        <\/div>\r\n                    <\/div>\r\n                                    <div class=\"item-content col-12 col-lg-5 col-xl-5\">\r\n                    <h3 class=\"item-title\"><a href=\"https:\/\/www.ilkemimarlik.com\/en\/project\/gungoren-genclik-merkezi\/\">G\u00dcNG\u00d6REN GEN\u00c7L\u0130K MERKEZ\u0130<\/a><\/h3>\r\n                                                                <div class=\"item-readmore\">\r\n                            <a href=\"https:\/\/www.ilkemimarlik.com\/en\/project\/gungoren-genclik-merkezi\/\" class=\"pxl-btn outline-under draw\">\r\n                                <span class=\"draw-top-right\"><\/span>\r\n                                <span class=\"draw-bottom-left\"><\/span>\r\n                                <span class=\"pxl-button-text\">PROJECT DETAILS<\/span>\r\n                            <\/a>\r\n                        <\/div>\r\n                                    <\/div>\r\n            <\/div>\r\n        <\/div>\r\n                <div class=\"grid-item col-xxl-12 col-xl-12 col-lg-12 col-md-12 col-sm-12 col-12  item-idx-odd\" >\r\n            <div class=\"grid-item-inner item-inner-wrap row align-items-center  gx-xl-70  pxl-animate pxl-invisible animated-normal\" data-settings=\"{&quot;animation&quot;:&quot;fadeInRight&quot;,&quot;animation_delay&quot;:150}\">\r\n                                    <div class=\"item-featured col-12 col-lg-7 col-xl-7\">\r\n                        <div class=\"post-image scale-hover\">\r\n                            <a href=\"https:\/\/www.ilkemimarlik.com\/en\/project\/esenyurt-nikah-sarayi\/\">\r\n                                <img loading=\"lazy\" decoding=\"async\" class=\"img-desktop no-lazyload \" src=\"https:\/\/www.ilkemimarlik.com\/wp-content\/uploads\/2023\/05\/esenyurt-nikah-salonu-001-670x450.jpg\" width=\"670\" height=\"450\" alt=\"esenyurt-nikah-salonu-001\" title=\"esenyurt-nikah-salonu-001\" \/>       \r\n                            <\/a>\r\n                        <\/div>\r\n                    <\/div>\r\n                                    <div class=\"item-content col-12 col-lg-5 col-xl-5\">\r\n                    <h3 class=\"item-title\"><a href=\"https:\/\/www.ilkemimarlik.com\/en\/project\/esenyurt-nikah-sarayi\/\">ESENYURT N\u0130KAH SARAYI<\/a><\/h3>\r\n                                                                <div class=\"item-readmore\">\r\n                            <a href=\"https:\/\/www.ilkemimarlik.com\/en\/project\/esenyurt-nikah-sarayi\/\" class=\"pxl-btn outline-under draw\">\r\n                                <span class=\"draw-top-right\"><\/span>\r\n                                <span class=\"draw-bottom-left\"><\/span>\r\n                                <span class=\"pxl-button-text\">PROJECT DETAILS<\/span>\r\n                            <\/a>\r\n                        <\/div>\r\n                                    <\/div>\r\n            <\/div>\r\n        <\/div>\r\n                <div class=\"grid-item col-xxl-12 col-xl-12 col-lg-12 col-md-12 col-sm-12 col-12  item-idx-even\" >\r\n            <div class=\"grid-item-inner item-inner-wrap row align-items-center  gx-xl-70  pxl-animate pxl-invisible animated-normal\" data-settings=\"{&quot;animation&quot;:&quot;fadeInLeft&quot;,&quot;animation_delay&quot;:150}\">\r\n                                    <div class=\"item-featured col-12 col-lg-7 col-xl-7\">\r\n                        <div class=\"post-image scale-hover\">\r\n                            <a href=\"https:\/\/www.ilkemimarlik.com\/en\/project\/esenyurt-kiz-yurdu\/\">\r\n                                <img loading=\"lazy\" decoding=\"async\" class=\"img-desktop no-lazyload \" src=\"https:\/\/www.ilkemimarlik.com\/wp-content\/uploads\/2023\/05\/esenyurt-kiz-yurdu-001-670x450.jpg\" width=\"670\" height=\"450\" alt=\"esenyurt-kiz-yurdu-001\" title=\"esenyurt-kiz-yurdu-001\" \/>       \r\n                            <\/a>\r\n                        <\/div>\r\n                    <\/div>\r\n                                    <div class=\"item-content col-12 col-lg-5 col-xl-5\">\r\n                    <h3 class=\"item-title\"><a href=\"https:\/\/www.ilkemimarlik.com\/en\/project\/esenyurt-kiz-yurdu\/\">ESENYURT KIZ YURDU<\/a><\/h3>\r\n                                                                <div class=\"item-readmore\">\r\n                            <a href=\"https:\/\/www.ilkemimarlik.com\/en\/project\/esenyurt-kiz-yurdu\/\" class=\"pxl-btn outline-under draw\">\r\n                                <span class=\"draw-top-right\"><\/span>\r\n                                <span class=\"draw-bottom-left\"><\/span>\r\n                                <span class=\"pxl-button-text\">PROJECT DETAILS<\/span>\r\n                            <\/a>\r\n                        <\/div>\r\n                                    <\/div>\r\n            <\/div>\r\n        <\/div>\r\n                <div class=\"grid-item col-xxl-12 col-xl-12 col-lg-12 col-md-12 col-sm-12 col-12  item-idx-odd\" >\r\n            <div class=\"grid-item-inner item-inner-wrap row align-items-center  gx-xl-70  pxl-animate pxl-invisible animated-normal\" data-settings=\"{&quot;animation&quot;:&quot;fadeInRight&quot;,&quot;animation_delay&quot;:150}\">\r\n                                    <div class=\"item-featured col-12 col-lg-7 col-xl-7\">\r\n                        <div class=\"post-image scale-hover\">\r\n                            <a href=\"https:\/\/www.ilkemimarlik.com\/en\/project\/akcaburgaz-spor-salonu\/\">\r\n                                <img loading=\"lazy\" decoding=\"async\" class=\"img-desktop no-lazyload \" src=\"https:\/\/www.ilkemimarlik.com\/wp-content\/uploads\/2023\/05\/akcaburgaz-spor-merkezi-001-670x450.jpg\" width=\"670\" height=\"450\" alt=\"akcaburgaz-spor-merkezi-001\" title=\"akcaburgaz-spor-merkezi-001\" \/>       \r\n                            <\/a>\r\n                        <\/div>\r\n                    <\/div>\r\n                                    <div class=\"item-content col-12 col-lg-5 col-xl-5\">\r\n                    <h3 class=\"item-title\"><a href=\"https:\/\/www.ilkemimarlik.com\/en\/project\/akcaburgaz-spor-salonu\/\">AK\u00c7ABURGAZ SPOR SALONU<\/a><\/h3>\r\n                                                                <div class=\"item-readmore\">\r\n                            <a href=\"https:\/\/www.ilkemimarlik.com\/en\/project\/akcaburgaz-spor-salonu\/\" class=\"pxl-btn outline-under draw\">\r\n                                <span class=\"draw-top-right\"><\/span>\r\n                                <span class=\"draw-bottom-left\"><\/span>\r\n                                <span class=\"pxl-button-text\">PROJECT DETAILS<\/span>\r\n                            <\/a>\r\n                        <\/div>\r\n                                    <\/div>\r\n            <\/div>\r\n        <\/div>\r\n                <div class=\"grid-item col-xxl-12 col-xl-12 col-lg-12 col-md-12 col-sm-12 col-12  item-idx-even\" >\r\n            <div class=\"grid-item-inner item-inner-wrap row align-items-center  gx-xl-70  pxl-animate pxl-invisible animated-normal\" data-settings=\"{&quot;animation&quot;:&quot;fadeInLeft&quot;,&quot;animation_delay&quot;:150}\">\r\n                                    <div class=\"item-featured col-12 col-lg-7 col-xl-7\">\r\n                        <div class=\"post-image scale-hover\">\r\n                            <a href=\"https:\/\/www.ilkemimarlik.com\/en\/project\/genclik-merkezi-esenyurt\/\">\r\n                                <img loading=\"lazy\" decoding=\"async\" class=\"img-desktop no-lazyload \" src=\"https:\/\/www.ilkemimarlik.com\/wp-content\/uploads\/2023\/05\/genclik-merkezi-esenyurt-001-670x450.jpg\" width=\"670\" height=\"450\" alt=\"genclik-merkezi-esenyurt-001\" title=\"genclik-merkezi-esenyurt-001\" \/>       \r\n                            <\/a>\r\n                        <\/div>\r\n                    <\/div>\r\n                                    <div class=\"item-content col-12 col-lg-5 col-xl-5\">\r\n                    <h3 class=\"item-title\"><a href=\"https:\/\/www.ilkemimarlik.com\/en\/project\/genclik-merkezi-esenyurt\/\">GEN\u00c7L\u0130K MERKEZ\u0130 ESENYURT<\/a><\/h3>\r\n                                                                <div class=\"item-readmore\">\r\n                            <a href=\"https:\/\/www.ilkemimarlik.com\/en\/project\/genclik-merkezi-esenyurt\/\" class=\"pxl-btn outline-under draw\">\r\n                                <span class=\"draw-top-right\"><\/span>\r\n                                <span class=\"draw-bottom-left\"><\/span>\r\n                                <span class=\"pxl-button-text\">PROJECT DETAILS<\/span>\r\n                            <\/a>\r\n                        <\/div>\r\n                                    <\/div>\r\n            <\/div>\r\n        <\/div>\r\n                <div class=\"grid-item col-xxl-12 col-xl-12 col-lg-12 col-md-12 col-sm-12 col-12  item-idx-odd\" >\r\n            <div class=\"grid-item-inner item-inner-wrap row align-items-center  gx-xl-70  pxl-animate pxl-invisible animated-normal\" data-settings=\"{&quot;animation&quot;:&quot;fadeInRight&quot;,&quot;animation_delay&quot;:150}\">\r\n                                    <div class=\"item-featured col-12 col-lg-7 col-xl-7\">\r\n                        <div class=\"post-image scale-hover\">\r\n                            <a href=\"https:\/\/www.ilkemimarlik.com\/en\/project\/gungoren-kentsel-tasarim\/\">\r\n                                <img loading=\"lazy\" decoding=\"async\" class=\"img-desktop no-lazyload \" src=\"https:\/\/www.ilkemimarlik.com\/wp-content\/uploads\/2023\/05\/gungoren-kensel-tasarim-001-670x450.jpg\" width=\"670\" height=\"450\" alt=\"gungoren-kensel-tasarim-001\" title=\"gungoren-kensel-tasarim-001\" \/>       \r\n                            <\/a>\r\n                        <\/div>\r\n                    <\/div>\r\n                                    <div class=\"item-content col-12 col-lg-5 col-xl-5\">\r\n                    <h3 class=\"item-title\"><a href=\"https:\/\/www.ilkemimarlik.com\/en\/project\/gungoren-kentsel-tasarim\/\">G\u00dcNG\u00d6REN KENTSEL TASARIM<\/a><\/h3>\r\n                                                                <div class=\"item-readmore\">\r\n                            <a href=\"https:\/\/www.ilkemimarlik.com\/en\/project\/gungoren-kentsel-tasarim\/\" class=\"pxl-btn outline-under draw\">\r\n                                <span class=\"draw-top-right\"><\/span>\r\n                                <span class=\"draw-bottom-left\"><\/span>\r\n                                <span class=\"pxl-button-text\">PROJECT DETAILS<\/span>\r\n                            <\/a>\r\n                        <\/div>\r\n                                    <\/div>\r\n            <\/div>\r\n        <\/div>\r\n                <div class=\"grid-item col-xxl-12 col-xl-12 col-lg-12 col-md-12 col-sm-12 col-12  item-idx-even\" >\r\n            <div class=\"grid-item-inner item-inner-wrap row align-items-center  gx-xl-70  pxl-animate pxl-invisible animated-normal\" data-settings=\"{&quot;animation&quot;:&quot;fadeInLeft&quot;,&quot;animation_delay&quot;:150}\">\r\n                                    <div class=\"item-featured col-12 col-lg-7 col-xl-7\">\r\n                        <div class=\"post-image scale-hover\">\r\n                            <a href=\"https:\/\/www.ilkemimarlik.com\/en\/project\/orhangazi-mah-genclik-merkezi\/\">\r\n                                <img loading=\"lazy\" decoding=\"async\" class=\"img-desktop no-lazyload \" src=\"https:\/\/www.ilkemimarlik.com\/wp-content\/uploads\/2023\/05\/orhan-gazi-mah-genclik-merkezi-001-670x450.jpg\" width=\"670\" height=\"450\" alt=\"orhan-gazi-mah-genclik-merkezi-001\" title=\"orhan-gazi-mah-genclik-merkezi-001\" \/>       \r\n                            <\/a>\r\n                        <\/div>\r\n                    <\/div>\r\n                                    <div class=\"item-content col-12 col-lg-5 col-xl-5\">\r\n                    <h3 class=\"item-title\"><a href=\"https:\/\/www.ilkemimarlik.com\/en\/project\/orhangazi-mah-genclik-merkezi\/\">ORHANGAZ\u0130 MAH. GEN\u00c7L\u0130K MERKEZ\u0130<\/a><\/h3>\r\n                                                                <div class=\"item-readmore\">\r\n                            <a href=\"https:\/\/www.ilkemimarlik.com\/en\/project\/orhangazi-mah-genclik-merkezi\/\" class=\"pxl-btn outline-under draw\">\r\n                                <span class=\"draw-top-right\"><\/span>\r\n                                <span class=\"draw-bottom-left\"><\/span>\r\n                                <span class=\"pxl-button-text\">PROJECT DETAILS<\/span>\r\n                            <\/a>\r\n                        <\/div>\r\n                                    <\/div>\r\n            <\/div>\r\n        <\/div>\r\n            <\/div>\r\n    \r\n\r\n            \r\n<\/div>\t\t\t\t<\/div>\n\t\t\t\t<\/div>\n\t\t            <\/div>\r\n        <\/div>\r\n        \t\t\t<\/div>\n\t\t<\/section>\n\t\t\t\t<\/div>\n\t\t","protected":false},"excerpt":{"rendered":"<p>K\u00dcLT\u00dcR MERKEZ\u0130 ESENYURT PROJECT DETAILS ESENYURT KADIN KONUK EV\u0130 PROJECT DETAILS TAR\u0130H\u0130 \u00c7E\u015eME K\u00dcT\u00dcPHANES\u0130 PROJECT DETAILS G\u00dcNG\u00d6REN GEN\u00c7L\u0130K MERKEZ\u0130 PROJECT DETAILS ESENYURT N\u0130KAH SARAYI PROJECT DETAILS ESENYURT KIZ YURDU PROJECT DETAILS AK\u00c7ABURGAZ SPOR SALONU PROJECT DETAILS GEN\u00c7L\u0130K MERKEZ\u0130 ESENYURT PROJECT DETAILS G\u00dcNG\u00d6REN KENTSEL TASARIM PROJECT DETAILS ORHANGAZ\u0130 MAH. GEN\u00c7L\u0130K MERKEZ\u0130 PROJECT DETAILS<\/p>\n","protected":false},"author":1,"featured_media":0,"parent":13928,"menu_order":0,"comment_status":"closed","ping_status":"closed","template":"","meta":{"footnotes":""},"class_list":["post-13938","page","type-page","status-publish","hentry"],"_links":{"self":[{"href":"https:\/\/www.ilkemimarlik.com\/en\/wp-json\/wp\/v2\/pages\/13938","targetHints":{"allow":["GET"]}}],"collection":[{"href":"https:\/\/www.ilkemimarlik.com\/en\/wp-json\/wp\/v2\/pages"}],"about":[{"href":"https:\/\/www.ilkemimarlik.com\/en\/wp-json\/wp\/v2\/types\/page"}],"author":[{"embeddable":true,"href":"https:\/\/www.ilkemimarlik.com\/en\/wp-json\/wp\/v2\/users\/1"}],"replies":[{"embeddable":true,"href":"https:\/\/www.ilkemimarlik.com\/en\/wp-json\/wp\/v2\/comments?post=13938"}],"version-history":[{"count":0,"href":"https:\/\/www.ilkemimarlik.com\/en\/wp-json\/wp\/v2\/pages\/13938\/revisions"}],"up":[{"embeddable":true,"href":"https:\/\/www.ilkemimarlik.com\/en\/wp-json\/wp\/v2\/pages\/13928"}],"wp:attachment":[{"href":"https:\/\/www.ilkemimarlik.com\/en\/wp-json\/wp\/v2\/media?parent=13938"}],"curies":[{"name":"wp","href":"https:\/\/api.w.org\/{rel}","templated":true}]}}