{"id":13942,"date":"2023-05-23T13:45:40","date_gmt":"2023-05-23T10:45:40","guid":{"rendered":"https:\/\/www.ilkemimarlik.com\/projects\/park-and-garden-projects\/"},"modified":"2023-05-26T21:04:33","modified_gmt":"2023-05-26T18:04:33","slug":"park-and-garden-projects","status":"publish","type":"page","link":"https:\/\/www.ilkemimarlik.com\/en\/projects\/park-and-garden-projects\/","title":{"rendered":"PARK AND GARDEN PROJECTS"},"content":{"rendered":"\t\t<div data-elementor-type=\"wp-page\" data-elementor-id=\"13942\" class=\"elementor elementor-13942 elementor-13638\">\n\t\t\t\t        <section class=\"elementor-section elementor-top-section elementor-element elementor-element-a3e60be elementor-section-boxed elementor-section-height-default elementor-section-height-default pxl-section-line-left-no pxl-section-line-right-no pxl-section-static-pos-no pxl-section-overflow-hidden-no\" data-id=\"a3e60be\" data-element_type=\"section\" data-e-type=\"section\">\n\n                \n                <div class=\"elementor-container elementor-column-gap-default \">\n                <div class=\"elementor-column elementor-col-100 elementor-top-column elementor-element elementor-element-f02509e pxl-column-element-default pxl-column-overflow-hidden-no\" data-id=\"f02509e\" data-element_type=\"column\" data-e-type=\"column\">\r\n        <div class=\"elementor-widget-wrap elementor-element-populated\">\r\n                     \r\n        \t\t<div class=\"elementor-element elementor-element-7254d79 pxl-wg-bd-anm-no elementor-widget elementor-widget-pxl_post_list\" data-id=\"7254d79\" data-element_type=\"widget\" data-e-type=\"widget\" data-widget_type=\"pxl_post_list.default\">\n\t\t\t\t<div class=\"elementor-widget-container\">\n\t\t\t\t\t\r\n<div id=\"pxl_post_list-7254d79-7317\" class=\"pxl-grid pxl-post-list layout-portfolio-list-1\" data-layout-mode=\"fitRows\" data-start-page=\"1\" data-max-pages=\"1\" data-total=\"3\" data-perpage=\"100\" data-next-link=\"\" data-scroll-items=\"0\">\r\n    <div class=\"pxl-grid-overlay\"><\/div>\r\n    \r\n    <div class=\"pxl-grid-inner pxl-grid-masonry row relative\"> \r\n                <div class=\"grid-item col-xxl-12 col-xl-12 col-lg-12 col-md-12 col-sm-12 col-12  item-idx-odd\" >\r\n            <div class=\"grid-item-inner item-inner-wrap row align-items-center  gx-xl-70  pxl-animate pxl-invisible animated-normal\" data-settings=\"{&quot;animation&quot;:&quot;fadeInRight&quot;,&quot;animation_delay&quot;:150}\">\r\n                                    <div class=\"item-featured col-12 col-lg-7 col-xl-7\">\r\n                        <div class=\"post-image scale-hover\">\r\n                            <a href=\"https:\/\/www.ilkemimarlik.com\/en\/project\/esenyurt-guzelyurt-mah-parki\/\">\r\n                                <img fetchpriority=\"high\" decoding=\"async\" class=\"img-desktop no-lazyload \" src=\"https:\/\/www.ilkemimarlik.com\/wp-content\/uploads\/2023\/05\/esenyurt-guzelyurt-mah-parki-001-670x450.jpg\" width=\"670\" height=\"450\" alt=\"esenyurt-guzelyurt-mah-parki-001\" title=\"esenyurt-guzelyurt-mah-parki-001\" \/>       \r\n                            <\/a>\r\n                        <\/div>\r\n                    <\/div>\r\n                                    <div class=\"item-content col-12 col-lg-5 col-xl-5\">\r\n                    <h3 class=\"item-title\"><a href=\"https:\/\/www.ilkemimarlik.com\/en\/project\/esenyurt-guzelyurt-mah-parki\/\">ESENYURT G\u00dcZELYURT MAH. PARKI<\/a><\/h3>\r\n                                                                <div class=\"item-readmore\">\r\n                            <a href=\"https:\/\/www.ilkemimarlik.com\/en\/project\/esenyurt-guzelyurt-mah-parki\/\" class=\"pxl-btn outline-under draw\">\r\n                                <span class=\"draw-top-right\"><\/span>\r\n                                <span class=\"draw-bottom-left\"><\/span>\r\n                                <span class=\"pxl-button-text\">PROJECT DETAILS<\/span>\r\n                            <\/a>\r\n                        <\/div>\r\n                                    <\/div>\r\n            <\/div>\r\n        <\/div>\r\n                <div class=\"grid-item col-xxl-12 col-xl-12 col-lg-12 col-md-12 col-sm-12 col-12  item-idx-even\" >\r\n            <div class=\"grid-item-inner item-inner-wrap row align-items-center  gx-xl-70  pxl-animate pxl-invisible animated-normal\" data-settings=\"{&quot;animation&quot;:&quot;fadeInLeft&quot;,&quot;animation_delay&quot;:150}\">\r\n                                    <div class=\"item-featured col-12 col-lg-7 col-xl-7\">\r\n                        <div class=\"post-image scale-hover\">\r\n                            <a href=\"https:\/\/www.ilkemimarlik.com\/en\/project\/esenyurt-kadir-topbas-parki\/\">\r\n                                <img decoding=\"async\" class=\"img-desktop no-lazyload \" src=\"https:\/\/www.ilkemimarlik.com\/wp-content\/uploads\/2023\/05\/esenyurt-kadir-topbas-parki-001-670x450.jpg\" width=\"670\" height=\"450\" alt=\"esenyurt-kadir-topbas-parki-001\" title=\"esenyurt-kadir-topbas-parki-001\" \/>       \r\n                            <\/a>\r\n                        <\/div>\r\n                    <\/div>\r\n                                    <div class=\"item-content col-12 col-lg-5 col-xl-5\">\r\n                    <h3 class=\"item-title\"><a href=\"https:\/\/www.ilkemimarlik.com\/en\/project\/esenyurt-kadir-topbas-parki\/\">ESENYURT KAD\u0130R TOPBA\u015e PARKI<\/a><\/h3>\r\n                                                                <div class=\"item-readmore\">\r\n                            <a href=\"https:\/\/www.ilkemimarlik.com\/en\/project\/esenyurt-kadir-topbas-parki\/\" class=\"pxl-btn outline-under draw\">\r\n                                <span class=\"draw-top-right\"><\/span>\r\n                                <span class=\"draw-bottom-left\"><\/span>\r\n                                <span class=\"pxl-button-text\">PROJECT DETAILS<\/span>\r\n                            <\/a>\r\n                        <\/div>\r\n                                    <\/div>\r\n            <\/div>\r\n        <\/div>\r\n                <div class=\"grid-item col-xxl-12 col-xl-12 col-lg-12 col-md-12 col-sm-12 col-12  item-idx-odd\" >\r\n            <div class=\"grid-item-inner item-inner-wrap row align-items-center  gx-xl-70  pxl-animate pxl-invisible animated-normal\" data-settings=\"{&quot;animation&quot;:&quot;fadeInRight&quot;,&quot;animation_delay&quot;:150}\">\r\n                                    <div class=\"item-featured col-12 col-lg-7 col-xl-7\">\r\n                        <div class=\"post-image scale-hover\">\r\n                            <a href=\"https:\/\/www.ilkemimarlik.com\/en\/project\/necmettin-erbakan-parki\/\">\r\n                                <img decoding=\"async\" class=\"img-desktop no-lazyload \" src=\"https:\/\/www.ilkemimarlik.com\/wp-content\/uploads\/2023\/05\/necmettin-erbakan-parki-001-670x450.jpg\" width=\"670\" height=\"450\" alt=\"necmettin-erbakan-parki-001\" title=\"necmettin-erbakan-parki-001\" \/>       \r\n                            <\/a>\r\n                        <\/div>\r\n                    <\/div>\r\n                                    <div class=\"item-content col-12 col-lg-5 col-xl-5\">\r\n                    <h3 class=\"item-title\"><a href=\"https:\/\/www.ilkemimarlik.com\/en\/project\/necmettin-erbakan-parki\/\">NECMETT\u0130N ERBAKAN PARKI<\/a><\/h3>\r\n                                                                <div class=\"item-readmore\">\r\n                            <a href=\"https:\/\/www.ilkemimarlik.com\/en\/project\/necmettin-erbakan-parki\/\" class=\"pxl-btn outline-under draw\">\r\n                                <span class=\"draw-top-right\"><\/span>\r\n                                <span class=\"draw-bottom-left\"><\/span>\r\n                                <span class=\"pxl-button-text\">PROJECT DETAILS<\/span>\r\n                            <\/a>\r\n                        <\/div>\r\n                                    <\/div>\r\n            <\/div>\r\n        <\/div>\r\n            <\/div>\r\n    \r\n\r\n            \r\n<\/div>\t\t\t\t<\/div>\n\t\t\t\t<\/div>\n\t\t            <\/div>\r\n        <\/div>\r\n        \t\t\t<\/div>\n\t\t<\/section>\n\t\t\t\t<\/div>\n\t\t","protected":false},"excerpt":{"rendered":"<p>ESENYURT G\u00dcZELYURT MAH. PARKI PROJECT DETAILS ESENYURT KAD\u0130R TOPBA\u015e PARKI PROJECT DETAILS NECMETT\u0130N ERBAKAN PARKI PROJECT DETAILS<\/p>\n","protected":false},"author":1,"featured_media":0,"parent":13928,"menu_order":0,"comment_status":"closed","ping_status":"closed","template":"","meta":{"footnotes":""},"class_list":["post-13942","page","type-page","status-publish","hentry"],"_links":{"self":[{"href":"https:\/\/www.ilkemimarlik.com\/en\/wp-json\/wp\/v2\/pages\/13942","targetHints":{"allow":["GET"]}}],"collection":[{"href":"https:\/\/www.ilkemimarlik.com\/en\/wp-json\/wp\/v2\/pages"}],"about":[{"href":"https:\/\/www.ilkemimarlik.com\/en\/wp-json\/wp\/v2\/types\/page"}],"author":[{"embeddable":true,"href":"https:\/\/www.ilkemimarlik.com\/en\/wp-json\/wp\/v2\/users\/1"}],"replies":[{"embeddable":true,"href":"https:\/\/www.ilkemimarlik.com\/en\/wp-json\/wp\/v2\/comments?post=13942"}],"version-history":[{"count":0,"href":"https:\/\/www.ilkemimarlik.com\/en\/wp-json\/wp\/v2\/pages\/13942\/revisions"}],"up":[{"embeddable":true,"href":"https:\/\/www.ilkemimarlik.com\/en\/wp-json\/wp\/v2\/pages\/13928"}],"wp:attachment":[{"href":"https:\/\/www.ilkemimarlik.com\/en\/wp-json\/wp\/v2\/media?parent=13942"}],"curies":[{"name":"wp","href":"https:\/\/api.w.org\/{rel}","templated":true}]}}