{"id":14095,"date":"2023-05-11T17:08:40","date_gmt":"2023-05-11T14:08:40","guid":{"rendered":"https:\/\/www.ilkemimarlik.com\/personal-data-protection-authority\/"},"modified":"2023-05-29T10:54:36","modified_gmt":"2023-05-29T07:54:36","slug":"personal-data-protection-authority","status":"publish","type":"page","link":"https:\/\/www.ilkemimarlik.com\/en\/personal-data-protection-authority\/","title":{"rendered":"PERSONAL DATA PROTECTION AUTHORITY"},"content":{"rendered":"\t\t<div data-elementor-type=\"wp-page\" data-elementor-id=\"14095\" class=\"elementor elementor-14095 elementor-11053\">\n\t\t\t\t        <section class=\"elementor-section elementor-top-section elementor-element elementor-element-cdd1590 elementor-section-boxed elementor-section-height-default elementor-section-height-default pxl-section-line-left-no pxl-section-line-right-no pxl-section-static-pos-no pxl-section-overflow-hidden-no\" data-id=\"cdd1590\" data-element_type=\"section\" data-e-type=\"section\">\n\n                \n                <div class=\"elementor-container elementor-column-gap-default \">\n                <div class=\"elementor-column elementor-col-100 elementor-top-column elementor-element elementor-element-0c02973 pxl-column-element-default pxl-column-overflow-hidden-no\" data-id=\"0c02973\" data-element_type=\"column\" data-e-type=\"column\">\r\n        <div class=\"elementor-widget-wrap elementor-element-populated\">\r\n                     \r\n        \t\t<div class=\"elementor-element elementor-element-eaa5995 pxl-wg-bd-anm-no elementor-widget elementor-widget-pxl_text_editor\" data-id=\"eaa5995\" data-element_type=\"widget\" data-e-type=\"widget\" data-widget_type=\"pxl_text_editor.default\">\n\t\t\t\t<div class=\"elementor-widget-container\">\n\t\t\t\t\t<div id=\"pxl_text_editor-eaa5995-8632\" class=\"pxl-text-editor-wrap d-flex \" >\n\t<div class=\"pxl-text-editor elementor-clearfix\">\n\t\t<p><strong>\u0130LKE M\u0130MARLIK Clarification Statement Regarding the Processing of Personal Data for Employee Candidates Applying for Online Jobs<\/strong><\/p>\n<p>Data Controller and Representative<\/p>\n<p>In accordance with the Law No. 6698 on the Protection of Personal Data (\u201cKVKK\u201d), the employee who will apply for an online job in the capacity of data controller, as \u0130LKE EKYIL M\u0130MARLIK M\u00dcHEND\u0130SL\u0130K DANI\u015eMANLIK L\u0130M\u0130TED \u015e\u0130RKET\u0130 (\u201c\u0130LKE M\u0130MARLIK\u201d or \u201cCompany\u201d) established in \u0130LKE M\u0130MARLIK Turkey Personal data of our candidates within the scope of the purposes described below; we will be able to process, save, store, classify, update and disclose\/transfer to third parties in cases permitted by the legislation and\/or limited to the purpose for which they are processed, in accordance with the law and honesty rules.<\/p>\n<p>Purpose of Processing Your Personal Data<\/p>\n<p>Your personal data based on identity, communication, military service status, professional experience, visual and audio records that you share \/ will share with \u0130LKE M\u0130MARLIK in online job applications, in particular the KVKK legislation and within the scope of the relevant legislation, the execution of the application processes of the employee candidates, the execution of the activities in accordance with the legislation, the storage and It can be processed for the purpose of carrying out and finalizing archival activities. In this context, your personal data is securely stored in physical or electronic environment for an appropriate period of time for processing.<\/p>\n<p>\u0130LKE M\u0130MARLIK acts in accordance with the obligations stipulated in all relevant legislation, especially the KVKK, regarding the protection of personal data.<\/p>\n<p>Personal data obtained through online job application; As stated in Article 5 of the Law; It is necessary to process the personal data of the parties to the contract, provided that it is directly related to the establishment or performance of a contract,<br>it is mandatory for the data controller to fulfill its legal obligation,<br>Data processing is mandatory for the establishment, exercise or protection of a right,<br>Provided that it does not harm the fundamental rights and freedoms of the person concerned,<br>Data processing is mandatory for the legitimate interests of the data controller,<br>&#8216;consent of the person concerned&#8217; is processed automatically based on legal reasons.<\/p>\n<p>You can find detailed information about the data processing policy of \u0130LKE M\u0130MARLIK at the address&nbsp;https:\/\/www.ilkemimarlik.com\/en\/personal-data-protection-authority\/ &#8220;\u0130LKE M\u0130MARLIK Personal Data Protection and Processing Policy&#8221; For detailed information on the processing of your personal data within the scope of this Illumination Text, at the address https:\/\/www.ilkemimarlik.com\/en\/contracts , \u0130LKE M\u0130MARLIK Protection of Personal Data Lighting You can access it from the text.<\/p>\n<p>Transfer of Your Personal Data<\/p>\n<p>Your personal data, also mentioned above, processed within the scope of the purposes explained; It can be transferred to \u0130LKE M\u0130MARLIK (affiliates and subsidiaries) specified in Article 1 and to buyers of products and services in order to carry out the selection and placement processes of the employee candidate in accordance with the basic principles stipulated in the KVKK.<\/p>\n<p>Your Rights as a Relevant Person Pursuant to Article 11 of KVKK<\/p>\n<p>To learn about the above-mentioned rights, you can reach us from the contact form at the link www.ilkemimarlik.com\/iletisim.<\/p>\n<p>Applications will be made by one of the following methods, together with documents that will identify the relevant data owner:<\/p>\n<p>Fill in the form and send a signed copy of the form by hand, through a notary public or by registered letter with return receipt [\u015eenlikk\u00f6y Mah. Eski Halkali Cad. No.3 D.10 Bak\u0131rk\u00f6y \/ \u0130STANBUL] address,<br>Sending the form via registered e-mail to info@ilkemimarlik.com,<br>Following a method prescribed by the Personal Data Protection Board.<\/p>\n<p>\u0130LKE ARCHITECTURE will conclude the request free of charge as soon as possible and within thirty (30) days at the latest, depending on the nature of the request. However, if the transaction requires an additional cost, the fee in the tariff determined by the Board will be charged by us.<\/p>\n<p>Request to Update Your Information<\/p>\n<p>The personal data we collect must be accurate and up-to-date when necessary. For this reason, in case of any change in your personal data, \u0130LKE M\u0130MARLIK &#8216;\u015eenlikk\u00f6y Mah. Eski Halkali Cad. No.3 D.10 Bak\u0131rk\u00f6y\/\u0130STANBUL or e-mail to info@ilkemimarlik.com.<\/p>\t\t\n\t<\/div>\n<\/div>\t\t\t\t<\/div>\n\t\t\t\t<\/div>\n\t\t            <\/div>\r\n        <\/div>\r\n        \t\t\t<\/div>\n\t\t<\/section>\n\t\t\t\t<\/div>\n\t\t","protected":false},"excerpt":{"rendered":"<p>\u0130LKE M\u0130MARLIK Clarification Statement Regarding the Processing of Personal Data for Employee Candidates Applying for Online Jobs Data Controller and Representative In accordance with the Law No. 6698 on the Protection of Personal Data (\u201cKVKK\u201d), the employee who will apply for an online job in the capacity of data controller, as \u0130LKE EKYIL M\u0130MARLIK M\u00dcHEND\u0130SL\u0130K [&hellip;]<\/p>\n","protected":false},"author":1,"featured_media":0,"parent":0,"menu_order":0,"comment_status":"closed","ping_status":"closed","template":"","meta":{"footnotes":""},"class_list":["post-14095","page","type-page","status-publish","hentry"],"_links":{"self":[{"href":"https:\/\/www.ilkemimarlik.com\/en\/wp-json\/wp\/v2\/pages\/14095","targetHints":{"allow":["GET"]}}],"collection":[{"href":"https:\/\/www.ilkemimarlik.com\/en\/wp-json\/wp\/v2\/pages"}],"about":[{"href":"https:\/\/www.ilkemimarlik.com\/en\/wp-json\/wp\/v2\/types\/page"}],"author":[{"embeddable":true,"href":"https:\/\/www.ilkemimarlik.com\/en\/wp-json\/wp\/v2\/users\/1"}],"replies":[{"embeddable":true,"href":"https:\/\/www.ilkemimarlik.com\/en\/wp-json\/wp\/v2\/comments?post=14095"}],"version-history":[{"count":0,"href":"https:\/\/www.ilkemimarlik.com\/en\/wp-json\/wp\/v2\/pages\/14095\/revisions"}],"wp:attachment":[{"href":"https:\/\/www.ilkemimarlik.com\/en\/wp-json\/wp\/v2\/media?parent=14095"}],"curies":[{"name":"wp","href":"https:\/\/api.w.org\/{rel}","templated":true}]}}